{"id":4053,"date":"2021-05-21T14:31:20","date_gmt":"2021-05-21T14:31:20","guid":{"rendered":"https:\/\/candicecarmel.com\/resources\/"},"modified":"2022-03-22T09:50:46","modified_gmt":"2022-03-22T09:50:46","slug":"recursos","status":"publish","type":"page","link":"https:\/\/candicecarmel.com\/es\/recursos\/","title":{"rendered":"Recursos"},"content":{"rendered":"\t\t<div data-elementor-type=\"wp-page\" data-elementor-id=\"4053\" class=\"elementor elementor-4053 elementor-2079\">\n\t\t\t\t\t\t<section class=\"elementor-section elementor-top-section elementor-element elementor-element-a1a3308 elementor-section-full_width odd featured elementor-section-height-default elementor-section-height-default\" data-id=\"a1a3308\" data-element_type=\"section\" data-e-type=\"section\" data-settings=\"{&quot;background_background&quot;:&quot;classic&quot;}\">\n\t\t\t\t\t\t<div class=\"elementor-container elementor-column-gap-no\">\n\t\t\t\t\t<div class=\"elementor-column elementor-col-100 elementor-top-column elementor-element elementor-element-b358c48\" data-id=\"b358c48\" data-element_type=\"column\" data-e-type=\"column\">\n\t\t\t<div class=\"elementor-widget-wrap elementor-element-populated\">\n\t\t\t\t\t\t<div class=\"elementor-element elementor-element-e7221d2 elementor-invisible elementor-widget elementor-widget-leverage-slider\" data-id=\"e7221d2\" data-element_type=\"widget\" data-e-type=\"widget\" data-settings=\"{&quot;_animation&quot;:&quot;slideInUp&quot;}\" data-widget_type=\"leverage-slider.default\">\n\t\t\t\t<div class=\"elementor-widget-container\">\n\t\t\t\t\t\r\n\t\t<section class=\"hero p-0\">\r\n\t\t\t<div class=\"swiper-container slider-container no-slider animation slider-h-auto slider-h-50\" data-speed=\"10000\">\r\n\t\t\t\t<div class=\"swiper-wrapper\">\r\n\r\n\t\t\t\t\t\r\n\t\t\t\t\t\t<div class=\"swiper-slide slide-center slider-item\">\r\n\r\n\t\t\t\t\t\t\t\t\t\t\t\t\t\t\t<div id=\"particles-1\" class=\"particles full-image\" data-particle=\"default\"><\/div>\r\n\t\t\t\t\t\t\t\r\n\t\t\t\t\t\t\t\t\t\t\t\t\t\t\t<img decoding=\"async\" data-aos=\"zoom-out-up\" data-aos-delay=\"400\" src=\"https:\/\/candicecarmel.com\/wp-content\/uploads\/2021\/07\/cc-bg-sec-7.jpg\" class=\"slider-image full-image \" alt=\"Recursos\">\r\n\t\t\t\t\t\t\t\r\n\t\t\t\t\t\t\t<div class=\"slide-content row\">\r\n\t\t\t\t\t\t\t\t<div class=\"col-12 d-flex justify-content-center inner\">\r\n\t\t\t\t\t\t\t\t\t<div class=\"slider-outline  center text-center text-md-center\" style=\"width: 80%\">\r\n\r\n\t\t\t\t\t\t\t\t\t\t\t\t\t\t\t\t\t\t\t\t\t<h1 class=\"title effect-static-text title effect-static-text\" data-aos=\"zoom-out-up\" data-aos-delay=\"400\">\r\n\t\t\t\t\t\t\t\t\t\t\t\tRecursos\t\t\t\t\t\t\t\t\t\t\t<\/h1>\r\n\t\t\t\t\t\t\t\t\t\t\r\n\t\t\t\t\t\t\t\t\t\t\r\n\t\t\t\t\t\t\t\t\t\t\t\t\t\t\t\t\t\t\t\t\t<p class=\"description description\" data-aos=\"zoom-out-up\" data-aos-delay=\"800\">\r\n\t\t\t\t\t\t\t\t\t\t\t\tBienvenido a mi secci\u00f3n de Recursos, en la que encontrar\u00e1s una lista de herramientas, enlaces, art\u00edculos e informaci\u00f3n gratuitos que te ayudar\u00e1n a escoger las mejores soluciones para todas tus necesidades de traducci\u00f3n e interpretaci\u00f3n.\t\t\t\t\t\t\t\t\t\t\t<\/p>\r\n\t\t\t\t\t\t\t\t\t\t\r\n\t\t\t\t\t\t\t\t\t\t<div class=\"buttons buttons\" data-aos=\"zoom-out-up\" data-aos-delay=\"1200\">\r\n\r\n\t\t\t\t\t\t\t\t\t\t\t\r\n\t\t\t\t\t\t\t\t\t\t\t<div class=\"d-sm-inline-flex justify-content-center\">\r\n\r\n\t\t\t\t\t\t\t\t\t\t\t\t\r\n\t\t\t\t\t\t\t\t\t\t\t\t\t\t\t\t\t\t\t\t\t\t\t\t\r\n\t\t\t\t\t\t\t\t\t\t\t\t\r\n\t\t\t\t\t\t\t\t\t\t\t\t\r\n\t\t\t\t\t\t\t\t\t\t\t<\/div>\r\n\t\t\t\t\t\t\t\t\t\t<\/div>\r\n\r\n\t\t\t\t\t\t\t\t\t<\/div>\r\n\t\t\t\t\t\t\t\t<\/div>\r\n\t\t\t\t\t\t\t<\/div>\r\n\t\t\t\t\t\t<\/div>\r\n\t\t\t\t\t\r\n\t\t\t\t\t\r\n\t\t\t\t<\/div>\r\n\t\t\t\t\t\t\t\t\t\r\n\t\t\t<\/div>\r\n\t\t<\/section>\r\n\r\n\t\t\t\t\t\t<\/div>\n\t\t\t\t<\/div>\n\t\t\t\t\t<\/div>\n\t\t<\/div>\n\t\t\t\t\t<\/div>\n\t\t<\/section>\n\t\t\t\t<section class=\"elementor-section elementor-top-section elementor-element elementor-element-893a4ca elementor-section-boxed elementor-section-height-default elementor-section-height-default\" data-id=\"893a4ca\" data-element_type=\"section\" data-e-type=\"section\">\n\t\t\t\t\t\t<div class=\"elementor-container elementor-column-gap-default\">\n\t\t\t\t\t<div class=\"elementor-column elementor-col-100 elementor-top-column elementor-element elementor-element-105408c\" data-id=\"105408c\" data-element_type=\"column\" data-e-type=\"column\">\n\t\t\t<div class=\"elementor-widget-wrap elementor-element-populated\">\n\t\t\t\t\t\t<div class=\"elementor-element elementor-element-dc1ae0f elementor-widget elementor-widget-leverage-post-grid\" data-id=\"dc1ae0f\" data-element_type=\"widget\" data-e-type=\"widget\" data-widget_type=\"leverage-post-grid.default\">\n\t\t\t\t<div class=\"elementor-widget-container\">\n\t\t\t\t\t\r\n\t\t<section class=\"showcase blog-grid\">\r\n\t\t\t<div class=\"overflow-holder\">\r\n\r\n\t\t\t\t\r\n\t\t\t\t<div class=\"row justify-content-center items filter-items\">\r\n\r\n\t\t\t\t\t\r\n\t\t\t\t\t\t\t<div id=\"post-4059\" class=\"col-12 col-sm-6 col-md-6 col-lg-4 item filter-item\" data-groups='[&quot;34&quot;]'>\r\n\t\t\t\t\t\t\t\t<div class=\"row card p-0 text-center\">\r\n\t\t\t\t\t\t\t\t\t<a href=\"https:\/\/candicecarmel.com\/es\/guia-para-comprar-servicios-de-traduccion-e-interpretacion\/\" class=\"full-link\"><\/a>\t\t\t\t\t\t\t\t\t\t\r\n\t\t\t\t\t\t\t\t\t<div class=\"image-over\">\r\n\t\t\t\t\t\t\t\t\t\t<img decoding=\"async\" src=\"https:\/\/candicecarmel.com\/wp-content\/uploads\/2021\/07\/cc-bg-sec-6.jpg\" class=\"attachment-post-thumbnail size-post-thumbnail wp-post-image\" alt=\"\" srcset=\"https:\/\/candicecarmel.com\/wp-content\/uploads\/2021\/07\/cc-bg-sec-6.jpg 1000w, https:\/\/candicecarmel.com\/wp-content\/uploads\/2021\/07\/cc-bg-sec-6-300x294.jpg 300w, https:\/\/candicecarmel.com\/wp-content\/uploads\/2021\/07\/cc-bg-sec-6-768x753.jpg 768w, https:\/\/candicecarmel.com\/wp-content\/uploads\/2021\/07\/cc-bg-sec-6-50x50.jpg 50w\" sizes=\"(max-width: 1000px) 100vw, 1000px\" \/>\r\n\t\t\t\t\t\t\t\t\t\t<div class=\"card-caption col-12 p-0\">\r\n\t\t\t\t\t\t\t\t\t\t\t<div class=\"card-body no-excerpt\">\r\n\t\t\t\t\t\t\t\t\t\t\t\t<div class=\"text\">\r\n\t\t\t\t\t\t\t\t\t\t\t\t\t<h3 class=\"post-title\">Gu\u00eda para comprar servicios de traducci\u00f3n e interpretaci\u00f3n<\/h3>\r\n\t\t\t\t\t\t\t\t\t\t\t\t\t\t\t\t\t\t\t\t\t\t\t\t\t<\/div>\r\n\t\t\t\t\t\t\t\t\t\t\t<\/div>\r\n\t\t\t\t\t\t\t\t\t\t\t<div class=\"card-footer d-lg-flex align-items-center justify-content-center\">\r\n\r\n\t\t\t\t\t\t\t\t\t\t\t\t\r\n\t\t\t\t\t\t\t\t\t\t\t\t\t\t\t\t\t\t\t\t\t\t\t\r\n\t\t\t\t\t\t\t\t\t\t\t<\/div>\r\n\t\t\t\t\t\t\t\t\t\t<\/div>\r\n\t\t\t\t\t\t\t\t\t\t\r\n\t\t\t\t\t\t\t\t\t<\/div>\r\n\t\t\t\t\t\t\t\t<\/div>\r\n\t\t\t\t\t\t\t<\/div>\r\n\r\n\t\t\t\t\t\t\r\n\t\t\t\t\t\r\n\t\t\t\t<\/div>\r\n\r\n\t\t\t\t\r\n\t\t\t<\/div>\r\n\t\t<\/section>\r\n\r\n  \t\t\t\t<\/div>\n\t\t\t\t<\/div>\n\t\t\t\t\t<\/div>\n\t\t<\/div>\n\t\t\t\t\t<\/div>\n\t\t<\/section>\n\t\t\t\t<\/div>\n\t\t","protected":false},"excerpt":{"rendered":"<p>Recursos Bienvenido a mi secci\u00f3n de Recursos, en la que encontrar\u00e1s una lista de herramientas, enlaces, art\u00edculos e informaci\u00f3n gratuitos&#8230;<\/p>\n","protected":false},"author":1,"featured_media":0,"parent":0,"menu_order":0,"comment_status":"closed","ping_status":"closed","template":"templates\/full-width.php","meta":{"_acf_changed":false,"footnotes":""},"class_list":["post-4053","page","type-page","status-publish","hentry"],"acf":[],"yoast_head":"<!-- This site is optimized with the Yoast SEO plugin v27.1.1 - https:\/\/yoast.com\/product\/yoast-seo-wordpress\/ -->\n<title>Recursos de traducci\u00f3n e interpretaci\u00f3n profesional en ingl\u00e9s-espa\u00f1ol<\/title>\n<meta name=\"description\" content=\"Conoce m\u00e1s sobre c\u00f3mo comprar servicios de traducci\u00f3n e interpretaci\u00f3n, transcreaci\u00f3n, localizaci\u00f3n e interpretaci\u00f3n espa\u00f1ol-ingl\u00e9s. \u00a1Explora m\u00e1s recursos aqu\u00ed!\" \/>\n<meta name=\"robots\" content=\"index, follow, max-snippet:-1, max-image-preview:large, max-video-preview:-1\" \/>\n<link rel=\"canonical\" href=\"https:\/\/candicecarmel.com\/es\/recursos\/\" \/>\n<meta property=\"og:locale\" content=\"es_ES\" \/>\n<meta property=\"og:type\" content=\"article\" \/>\n<meta property=\"og:title\" content=\"Recursos de traducci\u00f3n e interpretaci\u00f3n profesional en ingl\u00e9s-espa\u00f1ol\" \/>\n<meta property=\"og:description\" content=\"Conoce m\u00e1s sobre c\u00f3mo comprar servicios de traducci\u00f3n e interpretaci\u00f3n, transcreaci\u00f3n, localizaci\u00f3n e interpretaci\u00f3n espa\u00f1ol-ingl\u00e9s. \u00a1Explora m\u00e1s recursos aqu\u00ed!\" \/>\n<meta property=\"og:url\" content=\"https:\/\/candicecarmel.com\/es\/recursos\/\" \/>\n<meta property=\"og:site_name\" content=\"Candice Carmel\" \/>\n<meta property=\"article:modified_time\" content=\"2022-03-22T09:50:46+00:00\" \/>\n<meta property=\"og:image\" content=\"https:\/\/candicecarmel.com\/wp-content\/uploads\/2021\/07\/cc-bg-sec-7.jpg\" \/>\n<meta name=\"twitter:card\" content=\"summary_large_image\" \/>\n<meta name=\"twitter:label1\" content=\"Tiempo de lectura\" \/>\n\t<meta name=\"twitter:data1\" content=\"1 minuto\" \/>\n<script type=\"application\/ld+json\" class=\"yoast-schema-graph\">{\"@context\":\"https:\/\/schema.org\",\"@graph\":[{\"@type\":\"WebPage\",\"@id\":\"https:\/\/candicecarmel.com\/es\/recursos\/\",\"url\":\"https:\/\/candicecarmel.com\/es\/recursos\/\",\"name\":\"Recursos de traducci\u00f3n e interpretaci\u00f3n profesional en ingl\u00e9s-espa\u00f1ol\",\"isPartOf\":{\"@id\":\"https:\/\/candicecarmel.com\/es\/#website\"},\"primaryImageOfPage\":{\"@id\":\"https:\/\/candicecarmel.com\/es\/recursos\/#primaryimage\"},\"image\":{\"@id\":\"https:\/\/candicecarmel.com\/es\/recursos\/#primaryimage\"},\"thumbnailUrl\":\"https:\/\/candicecarmel.com\/wp-content\/uploads\/2021\/07\/cc-bg-sec-7.jpg\",\"datePublished\":\"2021-05-21T14:31:20+00:00\",\"dateModified\":\"2022-03-22T09:50:46+00:00\",\"description\":\"Conoce m\u00e1s sobre c\u00f3mo comprar servicios de traducci\u00f3n e interpretaci\u00f3n, transcreaci\u00f3n, localizaci\u00f3n e interpretaci\u00f3n espa\u00f1ol-ingl\u00e9s. \u00a1Explora m\u00e1s recursos aqu\u00ed!\",\"breadcrumb\":{\"@id\":\"https:\/\/candicecarmel.com\/es\/recursos\/#breadcrumb\"},\"inLanguage\":\"es\",\"potentialAction\":[{\"@type\":\"ReadAction\",\"target\":[\"https:\/\/candicecarmel.com\/es\/recursos\/\"]}]},{\"@type\":\"ImageObject\",\"inLanguage\":\"es\",\"@id\":\"https:\/\/candicecarmel.com\/es\/recursos\/#primaryimage\",\"url\":\"https:\/\/candicecarmel.com\/wp-content\/uploads\/2021\/07\/cc-bg-sec-7.jpg\",\"contentUrl\":\"https:\/\/candicecarmel.com\/wp-content\/uploads\/2021\/07\/cc-bg-sec-7.jpg\"},{\"@type\":\"BreadcrumbList\",\"@id\":\"https:\/\/candicecarmel.com\/es\/recursos\/#breadcrumb\",\"itemListElement\":[{\"@type\":\"ListItem\",\"position\":1,\"name\":\"Home\",\"item\":\"https:\/\/candicecarmel.com\/es\/\"},{\"@type\":\"ListItem\",\"position\":2,\"name\":\"Recursos\"}]},{\"@type\":\"WebSite\",\"@id\":\"https:\/\/candicecarmel.com\/es\/#website\",\"url\":\"https:\/\/candicecarmel.com\/es\/\",\"name\":\"Candice Carmel\",\"description\":\"English-Spanish Certified Translation Services\",\"publisher\":{\"@id\":\"https:\/\/candicecarmel.com\/es\/#organization\"},\"potentialAction\":[{\"@type\":\"SearchAction\",\"target\":{\"@type\":\"EntryPoint\",\"urlTemplate\":\"https:\/\/candicecarmel.com\/es\/?s={search_term_string}\"},\"query-input\":{\"@type\":\"PropertyValueSpecification\",\"valueRequired\":true,\"valueName\":\"search_term_string\"}}],\"inLanguage\":\"es\"},{\"@type\":\"Organization\",\"@id\":\"https:\/\/candicecarmel.com\/es\/#organization\",\"name\":\"Candice Carmel\",\"url\":\"https:\/\/candicecarmel.com\/es\/\",\"logo\":{\"@type\":\"ImageObject\",\"inLanguage\":\"es\",\"@id\":\"https:\/\/candicecarmel.com\/es\/#\/schema\/logo\/image\/\",\"url\":\"https:\/\/candicecarmel.com\/wp-content\/uploads\/2021\/05\/cc-logo.png\",\"contentUrl\":\"https:\/\/candicecarmel.com\/wp-content\/uploads\/2021\/05\/cc-logo.png\",\"width\":400,\"height\":68,\"caption\":\"Candice Carmel\"},\"image\":{\"@id\":\"https:\/\/candicecarmel.com\/es\/#\/schema\/logo\/image\/\"}}]}<\/script>\n<!-- \/ Yoast SEO plugin. -->","yoast_head_json":{"title":"Recursos de traducci\u00f3n e interpretaci\u00f3n profesional en ingl\u00e9s-espa\u00f1ol","description":"Conoce m\u00e1s sobre c\u00f3mo comprar servicios de traducci\u00f3n e interpretaci\u00f3n, transcreaci\u00f3n, localizaci\u00f3n e interpretaci\u00f3n espa\u00f1ol-ingl\u00e9s. \u00a1Explora m\u00e1s recursos aqu\u00ed!","robots":{"index":"index","follow":"follow","max-snippet":"max-snippet:-1","max-image-preview":"max-image-preview:large","max-video-preview":"max-video-preview:-1"},"canonical":"https:\/\/candicecarmel.com\/es\/recursos\/","og_locale":"es_ES","og_type":"article","og_title":"Recursos de traducci\u00f3n e interpretaci\u00f3n profesional en ingl\u00e9s-espa\u00f1ol","og_description":"Conoce m\u00e1s sobre c\u00f3mo comprar servicios de traducci\u00f3n e interpretaci\u00f3n, transcreaci\u00f3n, localizaci\u00f3n e interpretaci\u00f3n espa\u00f1ol-ingl\u00e9s. \u00a1Explora m\u00e1s recursos aqu\u00ed!","og_url":"https:\/\/candicecarmel.com\/es\/recursos\/","og_site_name":"Candice Carmel","article_modified_time":"2022-03-22T09:50:46+00:00","og_image":[{"url":"https:\/\/candicecarmel.com\/wp-content\/uploads\/2021\/07\/cc-bg-sec-7.jpg","type":"","width":"","height":""}],"twitter_card":"summary_large_image","twitter_misc":{"Tiempo de lectura":"1 minuto"},"schema":{"@context":"https:\/\/schema.org","@graph":[{"@type":"WebPage","@id":"https:\/\/candicecarmel.com\/es\/recursos\/","url":"https:\/\/candicecarmel.com\/es\/recursos\/","name":"Recursos de traducci\u00f3n e interpretaci\u00f3n profesional en ingl\u00e9s-espa\u00f1ol","isPartOf":{"@id":"https:\/\/candicecarmel.com\/es\/#website"},"primaryImageOfPage":{"@id":"https:\/\/candicecarmel.com\/es\/recursos\/#primaryimage"},"image":{"@id":"https:\/\/candicecarmel.com\/es\/recursos\/#primaryimage"},"thumbnailUrl":"https:\/\/candicecarmel.com\/wp-content\/uploads\/2021\/07\/cc-bg-sec-7.jpg","datePublished":"2021-05-21T14:31:20+00:00","dateModified":"2022-03-22T09:50:46+00:00","description":"Conoce m\u00e1s sobre c\u00f3mo comprar servicios de traducci\u00f3n e interpretaci\u00f3n, transcreaci\u00f3n, localizaci\u00f3n e interpretaci\u00f3n espa\u00f1ol-ingl\u00e9s. \u00a1Explora m\u00e1s recursos aqu\u00ed!","breadcrumb":{"@id":"https:\/\/candicecarmel.com\/es\/recursos\/#breadcrumb"},"inLanguage":"es","potentialAction":[{"@type":"ReadAction","target":["https:\/\/candicecarmel.com\/es\/recursos\/"]}]},{"@type":"ImageObject","inLanguage":"es","@id":"https:\/\/candicecarmel.com\/es\/recursos\/#primaryimage","url":"https:\/\/candicecarmel.com\/wp-content\/uploads\/2021\/07\/cc-bg-sec-7.jpg","contentUrl":"https:\/\/candicecarmel.com\/wp-content\/uploads\/2021\/07\/cc-bg-sec-7.jpg"},{"@type":"BreadcrumbList","@id":"https:\/\/candicecarmel.com\/es\/recursos\/#breadcrumb","itemListElement":[{"@type":"ListItem","position":1,"name":"Home","item":"https:\/\/candicecarmel.com\/es\/"},{"@type":"ListItem","position":2,"name":"Recursos"}]},{"@type":"WebSite","@id":"https:\/\/candicecarmel.com\/es\/#website","url":"https:\/\/candicecarmel.com\/es\/","name":"Candice Carmel","description":"English-Spanish Certified Translation Services","publisher":{"@id":"https:\/\/candicecarmel.com\/es\/#organization"},"potentialAction":[{"@type":"SearchAction","target":{"@type":"EntryPoint","urlTemplate":"https:\/\/candicecarmel.com\/es\/?s={search_term_string}"},"query-input":{"@type":"PropertyValueSpecification","valueRequired":true,"valueName":"search_term_string"}}],"inLanguage":"es"},{"@type":"Organization","@id":"https:\/\/candicecarmel.com\/es\/#organization","name":"Candice Carmel","url":"https:\/\/candicecarmel.com\/es\/","logo":{"@type":"ImageObject","inLanguage":"es","@id":"https:\/\/candicecarmel.com\/es\/#\/schema\/logo\/image\/","url":"https:\/\/candicecarmel.com\/wp-content\/uploads\/2021\/05\/cc-logo.png","contentUrl":"https:\/\/candicecarmel.com\/wp-content\/uploads\/2021\/05\/cc-logo.png","width":400,"height":68,"caption":"Candice Carmel"},"image":{"@id":"https:\/\/candicecarmel.com\/es\/#\/schema\/logo\/image\/"}}]}},"_links":{"self":[{"href":"https:\/\/candicecarmel.com\/es\/wp-json\/wp\/v2\/pages\/4053","targetHints":{"allow":["GET"]}}],"collection":[{"href":"https:\/\/candicecarmel.com\/es\/wp-json\/wp\/v2\/pages"}],"about":[{"href":"https:\/\/candicecarmel.com\/es\/wp-json\/wp\/v2\/types\/page"}],"author":[{"embeddable":true,"href":"https:\/\/candicecarmel.com\/es\/wp-json\/wp\/v2\/users\/1"}],"replies":[{"embeddable":true,"href":"https:\/\/candicecarmel.com\/es\/wp-json\/wp\/v2\/comments?post=4053"}],"version-history":[{"count":10,"href":"https:\/\/candicecarmel.com\/es\/wp-json\/wp\/v2\/pages\/4053\/revisions"}],"predecessor-version":[{"id":4785,"href":"https:\/\/candicecarmel.com\/es\/wp-json\/wp\/v2\/pages\/4053\/revisions\/4785"}],"wp:attachment":[{"href":"https:\/\/candicecarmel.com\/es\/wp-json\/wp\/v2\/media?parent=4053"}],"curies":[{"name":"wp","href":"https:\/\/api.w.org\/{rel}","templated":true}]}}